{"id":9709,"date":"2022-03-02T12:05:15","date_gmt":"2022-03-02T12:05:15","guid":{"rendered":"https:\/\/igaminginsider.net\/skontaktuj-sie-z-nami\/"},"modified":"2024-05-08T10:20:02","modified_gmt":"2024-05-08T10:20:02","slug":"skontaktuj-sie-z-nami","status":"publish","type":"page","link":"https:\/\/igaminginsider.net\/pl\/skontaktuj-sie-z-nami\/","title":{"rendered":"Skontaktuj si\u0119 z nami"},"content":{"rendered":"\t\t<div data-elementor-type=\"wp-page\" data-elementor-id=\"9709\" class=\"elementor elementor-9709 elementor-190\">\n\t\t\t\t\t\t<section class=\"elementor-section elementor-top-section elementor-element elementor-element-e0f1e43 elementor-section-boxed elementor-section-height-default elementor-section-height-default\" data-id=\"e0f1e43\" data-element_type=\"section\" data-settings=\"{&quot;background_background&quot;:&quot;classic&quot;}\">\n\t\t\t\t\t\t<div class=\"elementor-container elementor-column-gap-default\">\n\t\t\t\t\t<div class=\"elementor-column elementor-col-50 elementor-top-column elementor-element elementor-element-1cc5119\" data-id=\"1cc5119\" data-element_type=\"column\">\n\t\t\t<div class=\"elementor-widget-wrap elementor-element-populated\">\n\t\t\t\t\t\t<div class=\"elementor-element elementor-element-f2d7ba0 elementor-widget elementor-widget-google_maps\" data-id=\"f2d7ba0\" data-element_type=\"widget\" data-widget_type=\"google_maps.default\">\n\t\t\t\t<div class=\"elementor-widget-container\">\n\t\t\t\t\t<div class=\"elementor-custom-embed\">\n\t\t\t<iframe loading=\"lazy\"\n\t\t\t\t\tsrc=\"https:\/\/maps.google.com\/maps?q=London%20Eye%2C%20London%2C%20United%20Kingdom&#038;t=m&#038;z=10&#038;output=embed&#038;iwloc=near\"\n\t\t\t\t\ttitle=\"London Eye, London, United Kingdom\"\n\t\t\t\t\taria-label=\"London Eye, London, United Kingdom\"\n\t\t\t><\/iframe>\n\t\t<\/div>\n\t\t\t\t<\/div>\n\t\t\t\t<\/div>\n\t\t\t\t<div class=\"elementor-element elementor-element-1d935f7 elementor-widget elementor-widget-text-editor\" data-id=\"1d935f7\" data-element_type=\"widget\" data-widget_type=\"text-editor.default\">\n\t\t\t\t<div class=\"elementor-widget-container\">\n\t\t\t\t\t\t\t<p>Zach\u0119camy do skontaktowania si\u0119 z nami za pomoc\u0105 poni\u017cszego formularza kontaktowego. Staramy si\u0119 odpowiada\u0107 na wszystkie zapytania w ci\u0105gu 24 godzin.<\/p>\n\t\t\t\t\t\t<\/div>\n\t\t\t\t<\/div>\n\t\t\t\t<section class=\"elementor-section elementor-inner-section elementor-element elementor-element-6c129fd elementor-section-boxed elementor-section-height-default elementor-section-height-default\" data-id=\"6c129fd\" data-element_type=\"section\">\n\t\t\t\t\t\t<div class=\"elementor-container elementor-column-gap-default\">\n\t\t\t\t\t<div class=\"elementor-column elementor-col-50 elementor-inner-column elementor-element elementor-element-c12b8d9 dark-border-color\" data-id=\"c12b8d9\" data-element_type=\"column\">\n\t\t\t<div class=\"elementor-widget-wrap elementor-element-populated\">\n\t\t\t\t\t\t<div class=\"elementor-element elementor-element-0fd349b elementor-widget-divider--view-line elementor-widget elementor-widget-divider\" data-id=\"0fd349b\" data-element_type=\"widget\" data-widget_type=\"divider.default\">\n\t\t\t\t<div class=\"elementor-widget-container\">\n\t\t\t\t\t<div class=\"elementor-divider\">\n\t\t\t<span class=\"elementor-divider-separator\">\n\t\t\t\t\t\t<\/span>\n\t\t<\/div>\n\t\t\t\t<\/div>\n\t\t\t\t<\/div>\n\t\t\t\t<div class=\"elementor-element elementor-element-0811fe3 elementor-widget-divider--view-line elementor-widget elementor-widget-divider\" data-id=\"0811fe3\" data-element_type=\"widget\" data-widget_type=\"divider.default\">\n\t\t\t\t<div class=\"elementor-widget-container\">\n\t\t\t\t\t<div class=\"elementor-divider\">\n\t\t\t<span class=\"elementor-divider-separator\">\n\t\t\t\t\t\t<\/span>\n\t\t<\/div>\n\t\t\t\t<\/div>\n\t\t\t\t<\/div>\n\t\t\t\t\t<\/div>\n\t\t<\/div>\n\t\t\t\t<div class=\"elementor-column elementor-col-50 elementor-inner-column elementor-element elementor-element-881f8c4 dark-border-color\" data-id=\"881f8c4\" data-element_type=\"column\">\n\t\t\t<div class=\"elementor-widget-wrap elementor-element-populated\">\n\t\t\t\t\t\t<div class=\"elementor-element elementor-element-30d3a47 elementor-widget-divider--view-line elementor-widget elementor-widget-divider\" data-id=\"30d3a47\" data-element_type=\"widget\" data-widget_type=\"divider.default\">\n\t\t\t\t<div class=\"elementor-widget-container\">\n\t\t\t\t\t<div class=\"elementor-divider\">\n\t\t\t<span class=\"elementor-divider-separator\">\n\t\t\t\t\t\t<\/span>\n\t\t<\/div>\n\t\t\t\t<\/div>\n\t\t\t\t<\/div>\n\t\t\t\t<div class=\"elementor-element elementor-element-0f47fc7 elementor-widget-divider--view-line elementor-widget elementor-widget-divider\" data-id=\"0f47fc7\" data-element_type=\"widget\" data-widget_type=\"divider.default\">\n\t\t\t\t<div class=\"elementor-widget-container\">\n\t\t\t\t\t<div class=\"elementor-divider\">\n\t\t\t<span class=\"elementor-divider-separator\">\n\t\t\t\t\t\t<\/span>\n\t\t<\/div>\n\t\t\t\t<\/div>\n\t\t\t\t<\/div>\n\t\t\t\t\t<\/div>\n\t\t<\/div>\n\t\t\t\t\t<\/div>\n\t\t<\/section>\n\t\t\t\t\t<\/div>\n\t\t<\/div>\n\t\t\t\t<div class=\"elementor-column elementor-col-50 elementor-top-column elementor-element elementor-element-2caccf6\" data-id=\"2caccf6\" data-element_type=\"column\">\n\t\t\t<div class=\"elementor-widget-wrap\">\n\t\t\t\t\t\t\t<\/div>\n\t\t<\/div>\n\t\t\t\t\t<\/div>\n\t\t<\/section>\n\t\t\t\t<\/div>\n\t\t","protected":false},"excerpt":{"rendered":"<p>Zach\u0119camy do skontaktowania si\u0119 z nami za pomoc\u0105 poni\u017cszego formularza kontaktowego. Staramy si\u0119 odpowiada\u0107 na wszystkie zapytania w ci\u0105gu 24 godzin. Please enable JavaScript in your browser to complete this form.Please enable JavaScript in your browser to complete this form.Name * Why are you contacting us? Advertising Tips Other Your company nameEmail *Your message * [&hellip;]<\/p>\n","protected":false},"author":1,"featured_media":9710,"parent":0,"menu_order":0,"comment_status":"closed","ping_status":"closed","template":"elementor_header_footer","meta":{"content-type":"","footnotes":""},"class_list":["post-9709","page","type-page","status-publish","has-post-thumbnail"],"yoast_head":"<!-- This site is optimized with the Yoast SEO plugin v22.6 - https:\/\/yoast.com\/wordpress\/plugins\/seo\/ -->\n<title>Skontaktuj si\u0119 z nami - igaming insider<\/title>\n<meta name=\"robots\" content=\"index, follow, max-snippet:-1, max-image-preview:large, max-video-preview:-1\" \/>\n<link rel=\"canonical\" href=\"https:\/\/igaminginsider.net\/pl\/skontaktuj-sie-z-nami\/\" \/>\n<meta property=\"og:locale\" content=\"pl_PL\" \/>\n<meta property=\"og:type\" content=\"article\" \/>\n<meta property=\"og:title\" content=\"Skontaktuj si\u0119 z nami - igaming insider\" \/>\n<meta property=\"og:description\" content=\"Zach\u0119camy do skontaktowania si\u0119 z nami za pomoc\u0105 poni\u017cszego formularza kontaktowego. Staramy si\u0119 odpowiada\u0107 na wszystkie zapytania w ci\u0105gu 24 godzin. Please enable JavaScript in your browser to complete this form.Please enable JavaScript in your browser to complete this form.Name * Why are you contacting us? Advertising Tips Other Your company nameEmail *Your message * [&hellip;]\" \/>\n<meta property=\"og:url\" content=\"https:\/\/igaminginsider.net\/pl\/skontaktuj-sie-z-nami\/\" \/>\n<meta property=\"og:site_name\" content=\"igaming insider\" \/>\n<meta property=\"article:modified_time\" content=\"2024-05-08T10:20:02+00:00\" \/>\n<meta property=\"og:image\" content=\"https:\/\/igaminginsider.net\/wp-content\/uploads\/2024\/02\/fotball-kopia-2.jpg\" \/>\n\t<meta property=\"og:image:width\" content=\"1290\" \/>\n\t<meta property=\"og:image:height\" content=\"790\" \/>\n\t<meta property=\"og:image:type\" content=\"image\/jpeg\" \/>\n<meta name=\"twitter:card\" content=\"summary_large_image\" \/>\n<script type=\"application\/ld+json\" class=\"yoast-schema-graph\">{\"@context\":\"https:\/\/schema.org\",\"@graph\":[{\"@type\":\"WebPage\",\"@id\":\"https:\/\/igaminginsider.net\/pl\/skontaktuj-sie-z-nami\/\",\"url\":\"https:\/\/igaminginsider.net\/pl\/skontaktuj-sie-z-nami\/\",\"name\":\"Skontaktuj si\u0119 z nami - igaming insider\",\"isPartOf\":{\"@id\":\"https:\/\/igaminginsider.net\/#website\"},\"primaryImageOfPage\":{\"@id\":\"https:\/\/igaminginsider.net\/pl\/skontaktuj-sie-z-nami\/#primaryimage\"},\"image\":{\"@id\":\"https:\/\/igaminginsider.net\/pl\/skontaktuj-sie-z-nami\/#primaryimage\"},\"thumbnailUrl\":\"https:\/\/igaminginsider.net\/wp-content\/uploads\/2024\/02\/fotball-kopia-2.jpg\",\"datePublished\":\"2022-03-02T12:05:15+00:00\",\"dateModified\":\"2024-05-08T10:20:02+00:00\",\"breadcrumb\":{\"@id\":\"https:\/\/igaminginsider.net\/pl\/skontaktuj-sie-z-nami\/#breadcrumb\"},\"inLanguage\":\"pl-PL\",\"potentialAction\":[{\"@type\":\"ReadAction\",\"target\":[\"https:\/\/igaminginsider.net\/pl\/skontaktuj-sie-z-nami\/\"]}]},{\"@type\":\"ImageObject\",\"inLanguage\":\"pl-PL\",\"@id\":\"https:\/\/igaminginsider.net\/pl\/skontaktuj-sie-z-nami\/#primaryimage\",\"url\":\"https:\/\/igaminginsider.net\/wp-content\/uploads\/2024\/02\/fotball-kopia-2.jpg\",\"contentUrl\":\"https:\/\/igaminginsider.net\/wp-content\/uploads\/2024\/02\/fotball-kopia-2.jpg\",\"width\":1290,\"height\":790},{\"@type\":\"BreadcrumbList\",\"@id\":\"https:\/\/igaminginsider.net\/pl\/skontaktuj-sie-z-nami\/#breadcrumb\",\"itemListElement\":[{\"@type\":\"ListItem\",\"position\":1,\"name\":\"Home\",\"item\":\"https:\/\/igaminginsider.net\/pl\/\"},{\"@type\":\"ListItem\",\"position\":2,\"name\":\"Skontaktuj si\u0119 z nami\"}]},{\"@type\":\"WebSite\",\"@id\":\"https:\/\/igaminginsider.net\/#website\",\"url\":\"https:\/\/igaminginsider.net\/\",\"name\":\"igaming insider\",\"description\":\"\",\"potentialAction\":[{\"@type\":\"SearchAction\",\"target\":{\"@type\":\"EntryPoint\",\"urlTemplate\":\"https:\/\/igaminginsider.net\/?s={search_term_string}\"},\"query-input\":\"required name=search_term_string\"}],\"inLanguage\":\"pl-PL\"}]}<\/script>\n<!-- \/ Yoast SEO plugin. -->","yoast_head_json":{"title":"Skontaktuj si\u0119 z nami - igaming insider","robots":{"index":"index","follow":"follow","max-snippet":"max-snippet:-1","max-image-preview":"max-image-preview:large","max-video-preview":"max-video-preview:-1"},"canonical":"https:\/\/igaminginsider.net\/pl\/skontaktuj-sie-z-nami\/","og_locale":"pl_PL","og_type":"article","og_title":"Skontaktuj si\u0119 z nami - igaming insider","og_description":"Zach\u0119camy do skontaktowania si\u0119 z nami za pomoc\u0105 poni\u017cszego formularza kontaktowego. Staramy si\u0119 odpowiada\u0107 na wszystkie zapytania w ci\u0105gu 24 godzin. Please enable JavaScript in your browser to complete this form.Please enable JavaScript in your browser to complete this form.Name * Why are you contacting us? Advertising Tips Other Your company nameEmail *Your message * [&hellip;]","og_url":"https:\/\/igaminginsider.net\/pl\/skontaktuj-sie-z-nami\/","og_site_name":"igaming insider","article_modified_time":"2024-05-08T10:20:02+00:00","og_image":[{"width":1290,"height":790,"url":"https:\/\/igaminginsider.net\/wp-content\/uploads\/2024\/02\/fotball-kopia-2.jpg","type":"image\/jpeg"}],"twitter_card":"summary_large_image","schema":{"@context":"https:\/\/schema.org","@graph":[{"@type":"WebPage","@id":"https:\/\/igaminginsider.net\/pl\/skontaktuj-sie-z-nami\/","url":"https:\/\/igaminginsider.net\/pl\/skontaktuj-sie-z-nami\/","name":"Skontaktuj si\u0119 z nami - igaming insider","isPartOf":{"@id":"https:\/\/igaminginsider.net\/#website"},"primaryImageOfPage":{"@id":"https:\/\/igaminginsider.net\/pl\/skontaktuj-sie-z-nami\/#primaryimage"},"image":{"@id":"https:\/\/igaminginsider.net\/pl\/skontaktuj-sie-z-nami\/#primaryimage"},"thumbnailUrl":"https:\/\/igaminginsider.net\/wp-content\/uploads\/2024\/02\/fotball-kopia-2.jpg","datePublished":"2022-03-02T12:05:15+00:00","dateModified":"2024-05-08T10:20:02+00:00","breadcrumb":{"@id":"https:\/\/igaminginsider.net\/pl\/skontaktuj-sie-z-nami\/#breadcrumb"},"inLanguage":"pl-PL","potentialAction":[{"@type":"ReadAction","target":["https:\/\/igaminginsider.net\/pl\/skontaktuj-sie-z-nami\/"]}]},{"@type":"ImageObject","inLanguage":"pl-PL","@id":"https:\/\/igaminginsider.net\/pl\/skontaktuj-sie-z-nami\/#primaryimage","url":"https:\/\/igaminginsider.net\/wp-content\/uploads\/2024\/02\/fotball-kopia-2.jpg","contentUrl":"https:\/\/igaminginsider.net\/wp-content\/uploads\/2024\/02\/fotball-kopia-2.jpg","width":1290,"height":790},{"@type":"BreadcrumbList","@id":"https:\/\/igaminginsider.net\/pl\/skontaktuj-sie-z-nami\/#breadcrumb","itemListElement":[{"@type":"ListItem","position":1,"name":"Home","item":"https:\/\/igaminginsider.net\/pl\/"},{"@type":"ListItem","position":2,"name":"Skontaktuj si\u0119 z nami"}]},{"@type":"WebSite","@id":"https:\/\/igaminginsider.net\/#website","url":"https:\/\/igaminginsider.net\/","name":"igaming insider","description":"","potentialAction":[{"@type":"SearchAction","target":{"@type":"EntryPoint","urlTemplate":"https:\/\/igaminginsider.net\/?s={search_term_string}"},"query-input":"required name=search_term_string"}],"inLanguage":"pl-PL"}]}},"_links":{"self":[{"href":"https:\/\/igaminginsider.net\/pl\/wp-json\/wp\/v2\/pages\/9709","targetHints":{"allow":["GET"]}}],"collection":[{"href":"https:\/\/igaminginsider.net\/pl\/wp-json\/wp\/v2\/pages"}],"about":[{"href":"https:\/\/igaminginsider.net\/pl\/wp-json\/wp\/v2\/types\/page"}],"author":[{"embeddable":true,"href":"https:\/\/igaminginsider.net\/pl\/wp-json\/wp\/v2\/users\/1"}],"replies":[{"embeddable":true,"href":"https:\/\/igaminginsider.net\/pl\/wp-json\/wp\/v2\/comments?post=9709"}],"version-history":[{"count":2,"href":"https:\/\/igaminginsider.net\/pl\/wp-json\/wp\/v2\/pages\/9709\/revisions"}],"predecessor-version":[{"id":9716,"href":"https:\/\/igaminginsider.net\/pl\/wp-json\/wp\/v2\/pages\/9709\/revisions\/9716"}],"wp:featuredmedia":[{"embeddable":true,"href":"https:\/\/igaminginsider.net\/pl\/wp-json\/wp\/v2\/media\/9710"}],"wp:attachment":[{"href":"https:\/\/igaminginsider.net\/pl\/wp-json\/wp\/v2\/media?parent=9709"}],"curies":[{"name":"wp","href":"https:\/\/api.w.org\/{rel}","templated":true}]}}